{"id":607,"date":"2026-04-29T08:29:20","date_gmt":"2026-04-29T08:29:20","guid":{"rendered":"https:\/\/magiccs.ro\/?post_type=product&#038;p=607"},"modified":"2026-04-29T08:31:28","modified_gmt":"2026-04-29T08:31:28","slug":"cantar-comercial-cas-prii-30cb-15-30-kg-verificat-metrologic","status":"publish","type":"product","link":"https:\/\/magiccs.ro\/?product=cantar-comercial-cas-prii-30cb-15-30-kg-verificat-metrologic","title":{"rendered":"Cantar comercial CAS PRII 30CB 15\/30 Kg, verificat metrologic"},"content":{"rendered":"<p><b>C\u00e2ntarul comercial CAS seria PRII<\/b>\u00a0ete destinat pentru magazine, pie\u021be \u0219i puncte comerciale unde este necesar de calculat\u00a0<b>pre\u021bul \u00een raport cu masa c\u00e2nt\u0103rit\u0103<\/b>. Modelul PRII 30CB poate c\u00e2nt\u0103ri m\u0103rfuri cu greutatea maxim\u0103 p\u00e2n\u0103 la 30Kg cu\u00a0<b>dou\u0103 intervale de c\u00e2nt\u0103rire<\/b>, de la 0 p\u00e2n\u0103 la 15Kg cu\u00a0<b>precizie de 5g<\/b>\u00a0\u0219i de la 15Kg p\u00e2n\u0103 la 30Kg cu\u00a0<b>precizie de 10g<\/b>, c\u00e2ntarul CAS PRII este\u00a0<b>solu\u021bia recomandat\u0103<\/b>\u00a0pentru a fi utilizata \u00een camere cu spa\u021bii reduse sau pentru magazine. C\u00e2ntarul dispune de\u00a0<b>afi\u0219aj pentru operator \u0219i client<\/b>, ce creaz\u0103 comoditate at\u00e2t pentru operator, c\u00e2t \u0219i pentru client iar platforma c\u00e2ntarului este confec\u021bionat\u0103 din o\u021bel inoxidabil,<b>\u00a0rezistent la coroziune<\/b>.<\/p>\n<p>&nbsp;<\/p>\n<p><b>Func\u021bii:<\/b><\/p>\n<ul>\n<li>Calculare pre\u021b\/cantitate;<\/li>\n<li>Sumare pre\u021b;<\/li>\n<li>Func\u021bie plat\u0103, calculare rest;<\/li>\n<li>Memorare articole PLU (7 articole programabile direct);<\/li>\n<li>Resetare valori;<\/li>\n<li>Func\u021bie tar\u0103\/recipient;<\/li>\n<li>Func\u021bie multi tar\u0103;<\/li>\n<li>Iluminare afi\u0219aj;<\/li>\n<li>Conectare\/deconectare iluminare afi\u0219aj;<\/li>\n<li>Regim economisire energie;<\/li>\n<li>Indic\u021bii nivel baterie (Low \/ OK \/ Hi);<\/li>\n<li>Buton conectare\/deconectare.<\/li>\n<li>PRETURI:<\/li>\n<li>&#8211; 740 LEI -tva inclus- port usb &#8211; pentru cantarire sistem POS<\/li>\n<li>&#8211; 900 LEI -tva inclus- port usb,rs232 &#8211; pentru cantarire direct cu casa de marcat Tremol M20 -cablu inclus<\/li>\n<\/ul>\n","protected":false},"excerpt":{"rendered":"<p>C\u00e2ntarul comercial CAS seria PRII\u00a0ete destinat pentru magazine, pie\u021be \u0219i puncte comerciale unde este necesar de calculat\u00a0pre\u021bul \u00een raport cu masa c\u00e2nt\u0103rit\u0103. Modelul PRII 30CB poate c\u00e2nt\u0103ri m\u0103rfuri cu greutatea maxim\u0103 p\u00e2n\u0103 la 30Kg cu\u00a0dou\u0103 intervale de c\u00e2nt\u0103rire, de la 0 p\u00e2n\u0103 la 15Kg cu\u00a0precizie de 5g\u00a0\u0219i de la 15Kg p\u00e2n\u0103 la 30Kg cu\u00a0precizie de [&hellip;]<\/p>\n","protected":false},"featured_media":608,"comment_status":"open","ping_status":"closed","template":"","meta":{"jetpack_post_was_ever_published":false,"jetpack_publicize_message":"","jetpack_publicize_feature_enabled":true,"jetpack_social_post_already_shared":true,"jetpack_social_options":{"image_generator_settings":{"template":"highway","default_image_id":0,"font":"","enabled":false},"version":2}},"class_list":{"0":"post-607","1":"product","2":"type-product","3":"status-publish","4":"has-post-thumbnail","6":"product_cat-cantare","8":"first","9":"instock","10":"sale","11":"taxable","12":"shipping-taxable","13":"purchasable","14":"product-type-simple"},"jetpack_publicize_connections":[],"jetpack_sharing_enabled":true,"_links":{"self":[{"href":"https:\/\/magiccs.ro\/index.php?rest_route=\/wp\/v2\/product\/607","targetHints":{"allow":["GET"]}}],"collection":[{"href":"https:\/\/magiccs.ro\/index.php?rest_route=\/wp\/v2\/product"}],"about":[{"href":"https:\/\/magiccs.ro\/index.php?rest_route=\/wp\/v2\/types\/product"}],"replies":[{"embeddable":true,"href":"https:\/\/magiccs.ro\/index.php?rest_route=%2Fwp%2Fv2%2Fcomments&post=607"}],"wp:featuredmedia":[{"embeddable":true,"href":"https:\/\/magiccs.ro\/index.php?rest_route=\/wp\/v2\/media\/608"}],"wp:attachment":[{"href":"https:\/\/magiccs.ro\/index.php?rest_route=%2Fwp%2Fv2%2Fmedia&parent=607"}],"curies":[{"name":"wp","href":"https:\/\/api.w.org\/{rel}","templated":true}]}}