{"id":507,"date":"2022-09-07T06:03:13","date_gmt":"2022-09-07T06:03:13","guid":{"rendered":"https:\/\/magiccs.ro\/?post_type=product&#038;p=507"},"modified":"2025-02-12T10:18:38","modified_gmt":"2025-02-12T10:18:38","slug":"cantar-partner-dupl-p-15-30-kg","status":"publish","type":"product","link":"https:\/\/magiccs.ro\/?product=cantar-partner-dupl-p-15-30-kg","title":{"rendered":"Cantar PARTNER DUPL-P &#8211; 15\/30 kg"},"content":{"rendered":"<p>CANTAR ELECTRONIC COMERCIAL PARTNER DUPL-P Capacitate Maxima 3, 6, 15 , 30 Kg<br \/>\nCONSTRUCTIV : Cintar Electronic cu afisaj fata (pentru operator) si pe brat (pentru client)<br \/>\nFUNCTII : Cantare Electronice afisare pe brat de MASA , PRET UNITAR , CALCUL PRET TOTAL<br \/>\nAPLICATII : Cintare Electronice pentru vinzari directe catre public ( cu avize metrologice ) in: MAGAZINE , PIATA ,<br \/>\nTIRGURI . STANDURI PREZENTARE , COFETARII , HORECA<br \/>\nCARACTERISTICI :<br \/>\n\u263b DUBLU RANGE : rezolu\u021bie m\u0103rit\u0103 p\u00e2n\u0103 la primul interval maxim de c\u00e2nt\u0103rire<br \/>\n\u263b Afisaj iluminat LED ROSU cu intensitate programabil\u0103<br \/>\n\u263b Alimentare dubl\u0103: ACUMULATOR re\u00eenc\u0103rcabil 6V\/4,5A sau alimentator 220V<br \/>\n\u263bFolie de protec\u021bie c\u00e2ntar din plastic<br \/>\n\u263b 100 pre\u021buri \u00een MEMORIE dintre care 5 cu apelare direct\u0103<\/p>\n","protected":false},"excerpt":{"rendered":"<p>CANTAR ELECTRONIC COMERCIAL PARTNER DUPL-P Capacitate Maxima 3, 6, 15 , 30 Kg CONSTRUCTIV : Cintar Electronic cu afisaj fata (pentru operator) si pe brat (pentru client) FUNCTII : Cantare Electronice afisare pe brat de MASA , PRET UNITAR , CALCUL PRET TOTAL APLICATII : Cintare Electronice pentru vinzari directe catre public ( cu avize [&hellip;]<\/p>\n","protected":false},"featured_media":508,"comment_status":"open","ping_status":"closed","template":"","meta":{"jetpack_post_was_ever_published":false,"jetpack_publicize_message":"","jetpack_publicize_feature_enabled":true,"jetpack_social_post_already_shared":true,"jetpack_social_options":{"image_generator_settings":{"template":"highway","default_image_id":0,"font":"","enabled":false},"version":2}},"class_list":{"0":"post-507","1":"product","2":"type-product","3":"status-publish","4":"has-post-thumbnail","6":"product_cat-partner","8":"first","9":"outofstock","10":"sale","11":"taxable","12":"shipping-taxable","13":"purchasable","14":"product-type-simple"},"jetpack_publicize_connections":[],"jetpack_sharing_enabled":true,"_links":{"self":[{"href":"https:\/\/magiccs.ro\/index.php?rest_route=\/wp\/v2\/product\/507","targetHints":{"allow":["GET"]}}],"collection":[{"href":"https:\/\/magiccs.ro\/index.php?rest_route=\/wp\/v2\/product"}],"about":[{"href":"https:\/\/magiccs.ro\/index.php?rest_route=\/wp\/v2\/types\/product"}],"replies":[{"embeddable":true,"href":"https:\/\/magiccs.ro\/index.php?rest_route=%2Fwp%2Fv2%2Fcomments&post=507"}],"wp:featuredmedia":[{"embeddable":true,"href":"https:\/\/magiccs.ro\/index.php?rest_route=\/wp\/v2\/media\/508"}],"wp:attachment":[{"href":"https:\/\/magiccs.ro\/index.php?rest_route=%2Fwp%2Fv2%2Fmedia&parent=507"}],"curies":[{"name":"wp","href":"https:\/\/api.w.org\/{rel}","templated":true}]}}