{"id":435,"date":"2019-02-12T11:50:36","date_gmt":"2019-02-12T11:50:36","guid":{"rendered":"http:\/\/magiccs.ro\/?post_type=product&#038;p=435"},"modified":"2025-02-12T10:08:50","modified_gmt":"2025-02-12T10:08:50","slug":"casa-de-marcat-excel-smart","status":"publish","type":"product","link":"http:\/\/magiccs.ro\/?product=casa-de-marcat-excel-smart","title":{"rendered":"Casa de marcat Excel Smart"},"content":{"rendered":"<div class=\"woocommerce-product-details__short-description\">\n<ul>\n<li><strong>Wi<\/strong><strong>Fi sau modul GSM\/GPRS :<\/strong> op\u0163iune pentru comunicarea cu serverul ANAF<\/li>\n<li><strong>mod de lucru Printer Fiscal<\/strong> inclus<\/li>\n<li><strong>alimentare : alimentator extern <\/strong>100-240Vca, 50\/60Hz, 0.8A \/ 9.6Vcc \/ 2.75A sau<strong> de la bateria intern\u0103 Li-Ion 7,4V\/2600mAh + \u00eenc\u0103rc\u0103tor extern la 230 Vca<\/strong><\/li>\n<li>Caracteristici tehnice:\n<ul>\n<li><strong>M<\/strong><strong>e<\/strong><strong>m<\/strong><strong>oria fiscal\u0103<\/strong><strong> : <\/strong>2000 rapoarte fiscale zilnice sau evenimente<\/li>\n<li><strong>Afi\u015faj o<\/strong><strong>perator : <\/strong>LCD 2\u00d716 caractere, 8 mm \u00een\u0103l\u0163ime, cu backlight<\/li>\n<li><strong>Afi\u015faj client : <\/strong>LCD 16 caractere, 8 mm \u00een\u0103l\u0163ime, cu backlight<\/li>\n<li><strong>Tastatura :<\/strong> 28 taste<\/li>\n<li><strong>Imprimant\u0103 termic\u0103<\/strong> tip Easy Load, cu selectarea densit\u0103\u0163ii, 35 caractere\/linie, 75mm\/sec<\/li>\n<li><strong>Consumabile<\/strong> : role termice 57.5mm \/ max 48mm diametru<\/li>\n<li><strong>C<\/strong><strong>a<\/strong><strong>r<\/strong><strong>d SD Intern : <\/strong>8 GB pentru memorarea Jurnalului Electronic, max 9 999 999 bonuri \u015fi 99 999 articole<\/li>\n<li><strong>Ceas de timp real, calendar : <\/strong>min 90 zile, f\u0103r\u0103 alimentare extern\u0103<\/li>\n<li><strong>Baza de date articole : <\/strong>Maxim 99 999 articole memorate<\/li>\n<li><strong>logo grafic<\/strong><\/li>\n<li><strong>Port comunica\u0163ii USB virtual : <\/strong>PC (personal computer)<\/li>\n<li><strong>H<\/strong><strong>o<\/strong><strong>s<\/strong><strong>t USB : <\/strong>Tastatur\u0103 extern\u0103 \/ Cititor cod bare \/ Memorie extern\u0103 flash<\/li>\n<li><strong>Wi<\/strong><strong>Fi sau modul GSM\/GPRS :<\/strong> op\u0163iune pentru comunicarea cu serverul ANAF<\/li>\n<li><strong>Slot C<\/strong><strong>a<\/strong><strong>r<\/strong><strong>d SD extern : <\/strong>Salvare date<\/li>\n<li><strong>mod de lucru Printer Fiscal<\/strong> inclus<\/li>\n<li><strong>alimentare : alimentator extern <\/strong>100-240Vca, 50\/60Hz, 0.8A \/ 9.6Vcc \/ 2.75A sau,\u00a0<strong>op\u0163ional de la bateria intern\u0103 Li-Ion 7,4V\/2600mAh + \u00eenc\u0103rc\u0103tor extern la 230 Vca<\/strong><\/li>\n<li><strong>Dimensiuni <\/strong>de gabarit 104 x 207 x 60 mmmm,<\/li>\n<li><strong>Greutate<\/strong> 500g<\/li>\n<\/ul>\n<ul>\n<li><strong>Acumulator Li-Ion 7.4v\/2.6Ah inclus<\/strong><\/li>\n<\/ul>\n<\/li>\n<\/ul>\n<\/div>\n","protected":false},"excerpt":{"rendered":"<h1 class=\"product_title entry-title\">Casa de marcat cu jurnal electronic Excel Smart<\/h1>\n","protected":false},"featured_media":436,"comment_status":"open","ping_status":"closed","template":"","meta":{"jetpack_post_was_ever_published":false,"jetpack_publicize_message":"","jetpack_publicize_feature_enabled":true,"jetpack_social_post_already_shared":true,"jetpack_social_options":{"image_generator_settings":{"template":"highway","default_image_id":0,"font":"","enabled":false},"version":2}},"class_list":{"0":"post-435","1":"product","2":"type-product","3":"status-publish","4":"has-post-thumbnail","6":"product_cat-test","8":"first","9":"outofstock","10":"taxable","11":"shipping-taxable","12":"purchasable","13":"product-type-simple"},"jetpack_publicize_connections":[],"jetpack_sharing_enabled":true,"_links":{"self":[{"href":"http:\/\/magiccs.ro\/index.php?rest_route=\/wp\/v2\/product\/435","targetHints":{"allow":["GET"]}}],"collection":[{"href":"http:\/\/magiccs.ro\/index.php?rest_route=\/wp\/v2\/product"}],"about":[{"href":"http:\/\/magiccs.ro\/index.php?rest_route=\/wp\/v2\/types\/product"}],"replies":[{"embeddable":true,"href":"http:\/\/magiccs.ro\/index.php?rest_route=%2Fwp%2Fv2%2Fcomments&post=435"}],"wp:featuredmedia":[{"embeddable":true,"href":"http:\/\/magiccs.ro\/index.php?rest_route=\/wp\/v2\/media\/436"}],"wp:attachment":[{"href":"http:\/\/magiccs.ro\/index.php?rest_route=%2Fwp%2Fv2%2Fmedia&parent=435"}],"curies":[{"name":"wp","href":"https:\/\/api.w.org\/{rel}","templated":true}]}}